{"id":1034,"date":"2021-01-17T15:43:40","date_gmt":"2021-01-17T12:43:40","guid":{"rendered":"https:\/\/senlerinsaat.org\/?page_id=1034"},"modified":"2021-01-30T17:16:18","modified_gmt":"2021-01-30T14:16:18","slug":"is-sagligi-ve-guvenligi-politikamiz","status":"publish","type":"page","link":"https:\/\/senlerinsaat.com.tr\/?page_id=1034","title":{"rendered":"\u015eirket Kadromuz"},"content":{"rendered":"\n<div class=\"wp-block-image\"><figure class=\"alignleft size-large is-resized\"><img decoding=\"async\" src=\"https:\/\/senlerinsaat.org\/wp-content\/uploads\/2021\/01\/12.jpg\" alt=\"\" class=\"wp-image-1156\" width=\"200\" srcset=\"https:\/\/senlerinsaat.com.tr\/wp-content\/uploads\/2021\/01\/12.jpg 225w, https:\/\/senlerinsaat.com.tr\/wp-content\/uploads\/2021\/01\/12-45x60.jpg 45w\" sizes=\"(max-width: 225px) 100vw, 225px\" \/><figcaption><strong>TEMEL \u015eEN<\/strong><br>Genel M\u00fcd\u00fcr<\/figcaption><\/figure><\/div>\n\n\n\n<div class=\"wp-block-image\"><figure class=\"alignleft size-large is-resized\"><img decoding=\"async\" src=\"https:\/\/senlerinsaat.org\/wp-content\/uploads\/2021\/01\/12.jpg\" alt=\"\" class=\"wp-image-1156\" width=\"200\" srcset=\"https:\/\/senlerinsaat.com.tr\/wp-content\/uploads\/2021\/01\/12.jpg 225w, https:\/\/senlerinsaat.com.tr\/wp-content\/uploads\/2021\/01\/12-45x60.jpg 45w\" sizes=\"(max-width: 225px) 100vw, 225px\" \/><figcaption><strong>ORHAN \u015eEN<\/strong><br>Genel M\u00fcd\u00fcr Yard\u0131mc\u0131s\u0131<\/figcaption><\/figure><\/div>\n\n\n\n<div class=\"wp-block-image\"><figure class=\"alignleft size-large is-resized\"><img decoding=\"async\" src=\"https:\/\/senlerinsaat.org\/wp-content\/uploads\/2021\/01\/12.jpg\" alt=\"\" class=\"wp-image-1156\" width=\"200\" srcset=\"https:\/\/senlerinsaat.com.tr\/wp-content\/uploads\/2021\/01\/12.jpg 225w, https:\/\/senlerinsaat.com.tr\/wp-content\/uploads\/2021\/01\/12-45x60.jpg 45w\" sizes=\"(max-width: 225px) 100vw, 225px\" \/><figcaption><strong>BURHAN \u015eEN<\/strong><br>Genel M\u00fcd\u00fcr Yard\u0131mc\u0131s\u0131<\/figcaption><\/figure><\/div>\n\n\n\n<div class=\"wp-block-image\"><figure class=\"alignleft size-large is-resized\"><img decoding=\"async\" src=\"https:\/\/senlerinsaat.org\/wp-content\/uploads\/2021\/01\/12.jpg\" alt=\"\" class=\"wp-image-1156\" width=\"200\" srcset=\"https:\/\/senlerinsaat.com.tr\/wp-content\/uploads\/2021\/01\/12.jpg 225w, https:\/\/senlerinsaat.com.tr\/wp-content\/uploads\/2021\/01\/12-45x60.jpg 45w\" sizes=\"(max-width: 225px) 100vw, 225px\" \/><figcaption><strong>MURAT \u015eEN<\/strong><br>M\u0130MAR &#8211; Teknik Sorumlu<\/figcaption><\/figure><\/div>\n\n\n\n<div class=\"wp-block-image\"><figure class=\"alignleft size-large is-resized\"><img decoding=\"async\" src=\"https:\/\/senlerinsaat.org\/wp-content\/uploads\/2021\/01\/12-1.jpg\" alt=\"\" class=\"wp-image-1157\" width=\"200\" srcset=\"https:\/\/senlerinsaat.com.tr\/wp-content\/uploads\/2021\/01\/12-1.jpg 225w, https:\/\/senlerinsaat.com.tr\/wp-content\/uploads\/2021\/01\/12-1-45x60.jpg 45w\" sizes=\"(max-width: 225px) 100vw, 225px\" \/><figcaption><strong>G\u00d6KHAN \u015eEN<\/strong><br>M\u00dcHEND\u0130S &#8211; Teknik Sorumlu<\/figcaption><\/figure><\/div>\n\n\n\n<div class=\"wp-block-image\"><figure class=\"alignleft size-large is-resized\"><img decoding=\"async\" src=\"https:\/\/senlerinsaat.org\/wp-content\/uploads\/2021\/01\/12-2.jpg\" alt=\"\" class=\"wp-image-1158\" width=\"200\" srcset=\"https:\/\/senlerinsaat.com.tr\/wp-content\/uploads\/2021\/01\/12-2.jpg 225w, https:\/\/senlerinsaat.com.tr\/wp-content\/uploads\/2021\/01\/12-2-45x60.jpg 45w\" sizes=\"(max-width: 225px) 100vw, 225px\" \/><figcaption><strong>SERKAN \u015eEN<\/strong><br>\u015eantiye Koordiator\u00fc<\/figcaption><\/figure><\/div>\n","protected":false},"excerpt":{"rendered":"","protected":false},"author":1,"featured_media":0,"parent":0,"menu_order":0,"comment_status":"closed","ping_status":"closed","template":"","meta":{"footnotes":""},"class_list":["post-1034","page","type-page","status-publish","hentry"],"_links":{"self":[{"href":"https:\/\/senlerinsaat.com.tr\/index.php?rest_route=\/wp\/v2\/pages\/1034"}],"collection":[{"href":"https:\/\/senlerinsaat.com.tr\/index.php?rest_route=\/wp\/v2\/pages"}],"about":[{"href":"https:\/\/senlerinsaat.com.tr\/index.php?rest_route=\/wp\/v2\/types\/page"}],"author":[{"embeddable":true,"href":"https:\/\/senlerinsaat.com.tr\/index.php?rest_route=\/wp\/v2\/users\/1"}],"replies":[{"embeddable":true,"href":"https:\/\/senlerinsaat.com.tr\/index.php?rest_route=%2Fwp%2Fv2%2Fcomments&post=1034"}],"version-history":[{"count":28,"href":"https:\/\/senlerinsaat.com.tr\/index.php?rest_route=\/wp\/v2\/pages\/1034\/revisions"}],"predecessor-version":[{"id":1215,"href":"https:\/\/senlerinsaat.com.tr\/index.php?rest_route=\/wp\/v2\/pages\/1034\/revisions\/1215"}],"wp:attachment":[{"href":"https:\/\/senlerinsaat.com.tr\/index.php?rest_route=%2Fwp%2Fv2%2Fmedia&parent=1034"}],"curies":[{"name":"wp","href":"https:\/\/api.w.org\/{rel}","templated":true}]}}