{"id":1032,"date":"2021-01-17T15:42:48","date_gmt":"2021-01-17T12:42:48","guid":{"rendered":"https:\/\/senlerinsaat.org\/?page_id=1032"},"modified":"2021-01-25T15:55:12","modified_gmt":"2021-01-25T12:55:12","slug":"kalite-ve-cevre-politikamiz","status":"publish","type":"page","link":"https:\/\/senlerinsaat.com.tr\/?page_id=1032","title":{"rendered":"Kalite ve \u00c7evre Politikam\u0131z"},"content":{"rendered":"\n<h5 class=\"wp-block-heading\"><strong>Yerel fikirler ve d\u00fcnya kalitesi&#8230;<\/strong><\/h5>\n\n\n\n<p>Yapt\u0131\u011f\u0131m\u0131z her binada kalite yakla\u015f\u0131m\u0131m\u0131zdan \u00f6d\u00fcn vermiyoruz. Kendi insan\u0131m\u0131z\u0131n ihtiya\u00e7lar\u0131 ve beyenilerini g\u00f6z\u00f6n\u00fcnde bulundurarak d\u00fcnya kalitesinde binalara imza at\u0131yoruz. Kendi alan\u0131nda e\u011fitimli ve uzman \u00e7al\u0131\u015fanlar\u0131m\u0131z\u0131n her birini \u00f6zenle se\u00e7iyoruz. Yapt\u0131klar\u0131 her uygulaman\u0131n en k\u00fc\u00e7\u00fck detay\u0131n\u0131 b\u00fcy\u00fck bir dikkatle tefti\u015f ediyor ve kusursuz sonucun ortaya \u00e7\u0131kmas\u0131n\u0131 sa\u011fl\u0131yoruz.Bilinen ve muhtemel olan b\u00fct\u00fcn ihtiya\u00e7lara ve ortam \u015fartlar\u0131na uygun dayan\u0131kl\u0131 ve y\u00fcksek kaliteli malzemeler ile yap\u0131lar\u0131m\u0131z\u0131n hem estetik hemde dayan\u0131kl\u0131l\u0131k i\u00e7ermesini sa\u011fl\u0131yoruz.<\/p>\n\n\n\n<h4 class=\"wp-block-heading\"><strong>Vizyonumuz<\/strong><\/h4>\n\n\n\n<p>\u0130n\u015faat alan\u0131nda kabiliyeti y\u00fcksek insanlarla \u00e7al\u0131\u015fmak, maddi ve manevi bak\u0131mdan kalitesini koruyabilmi\u015f, \u00e7evre ve \u00fclke ihtiya\u00e7lar\u0131na uygun, geli\u015fime ve yeniliklere her zaman a\u00e7\u0131k, etkileyici projeler ger\u00e7ekle\u015ftiren \u00fcst\u00fcn vas\u0131fl\u0131 bir \u015firket olmay\u0131 s\u00fcrd\u00fcrmek.<\/p>\n\n\n\n<h4 class=\"wp-block-heading\">Misyonumuz<\/h4>\n\n\n\n<p>G\u00fcn\u00fcm\u00fcz d\u00fcnyas\u0131n\u0131n s\u00fcrekli de\u011fi\u015fen \u015fartlar\u0131 alt\u0131nda bile vatan\u0131m\u0131za ve milletimize en iyisini ve en kalitelisini sunmak bizler i\u00e7in bir g\u00f6revdir. Yapt\u0131\u011f\u0131m\u0131z i\u015flerin insan hayatlar\u0131 ve ya\u015fam kaliteleri ile bire bir ili\u015fkili oldu\u011funun bilincindeyiz. Ve bunun gerekliliklerini yapmaya, sorumluluklar\u0131n\u0131 \u00fcstlenmeye devam edece\u011fiz.<\/p>\n\n\n\n<p>\u015eenler \u0130n\u015faat olarak t\u00fcm faaliyeterimizde ;  m\u00fc\u015fterilerimizin ,  \u00e7al\u0131\u015fanlar\u0131m\u0131z\u0131n , i\u015f ortaklar\u0131m\u0131z\u0131n memnuniyetini ve \u015firket de\u011ferlerini en \u00f6n planda tutmay\u0131 kendimize g\u00f6rev edindik.<\/p>\n\n\n\n<p>\u015eirket olarak her ba\u015flad\u0131\u011f\u0131 projeyi bitirme azmi g\u00f6steren, a\u00e7\u0131k, saydam, bilgi i\u015fleyerek karar veren, yenilik\u00e7i, estetik tutum sergileyen bir \u015firket olmay\u0131  kendimize hedef edindik. \u00dclkemizin tarihine, geleneklerine, \u00f6rf ve \u00e2detlerine, kanunlar\u0131na ve do\u011faya sayg\u0131l\u0131 duyarl\u0131 olman\u0131n de\u011ferinin ve \u00f6neminin bilincindeyiz.<\/p>\n\n\n\n<p>\u015eenler \u0130n\u015faat, rekabet\u00e7i olmak, \u00fcr\u00fcn ve hizmetlerini s\u00f6z verilen kalitede, zaman\u0131nda ve planlanm\u0131\u015f b\u00fct\u00e7e i\u00e7erisinde bitirmek \u00fczere; insan kaynaklar\u0131na, bilgi ve teknolojiye, yeni y\u00f6netim sistemlerine s\u00fcrekli yat\u0131r\u0131m yapar, geli\u015fimini bu y\u00f6nteme dayand\u0131r\u0131r.<\/p>\n","protected":false},"excerpt":{"rendered":"<p>Yerel fikirler ve d\u00fcnya kalitesi&#8230; Yapt\u0131\u011f\u0131m\u0131z her binada kalite yakla\u015f\u0131m\u0131m\u0131zdan \u00f6d\u00fcn vermiyoruz. Kendi insan\u0131m\u0131z\u0131n ihtiya\u00e7lar\u0131 ve beyenilerini g\u00f6z\u00f6n\u00fcnde bulundurarak d\u00fcnya kalitesinde binalara imza at\u0131yoruz. Kendi alan\u0131nda e\u011fitimli ve uzman \u00e7al\u0131\u015fanlar\u0131m\u0131z\u0131n &hellip; <\/p>\n","protected":false},"author":1,"featured_media":1044,"parent":0,"menu_order":0,"comment_status":"closed","ping_status":"closed","template":"","meta":{"footnotes":""},"class_list":["post-1032","page","type-page","status-publish","has-post-thumbnail","hentry"],"_links":{"self":[{"href":"https:\/\/senlerinsaat.com.tr\/index.php?rest_route=\/wp\/v2\/pages\/1032"}],"collection":[{"href":"https:\/\/senlerinsaat.com.tr\/index.php?rest_route=\/wp\/v2\/pages"}],"about":[{"href":"https:\/\/senlerinsaat.com.tr\/index.php?rest_route=\/wp\/v2\/types\/page"}],"author":[{"embeddable":true,"href":"https:\/\/senlerinsaat.com.tr\/index.php?rest_route=\/wp\/v2\/users\/1"}],"replies":[{"embeddable":true,"href":"https:\/\/senlerinsaat.com.tr\/index.php?rest_route=%2Fwp%2Fv2%2Fcomments&post=1032"}],"version-history":[{"count":6,"href":"https:\/\/senlerinsaat.com.tr\/index.php?rest_route=\/wp\/v2\/pages\/1032\/revisions"}],"predecessor-version":[{"id":1191,"href":"https:\/\/senlerinsaat.com.tr\/index.php?rest_route=\/wp\/v2\/pages\/1032\/revisions\/1191"}],"wp:featuredmedia":[{"embeddable":true,"href":"https:\/\/senlerinsaat.com.tr\/index.php?rest_route=\/wp\/v2\/media\/1044"}],"wp:attachment":[{"href":"https:\/\/senlerinsaat.com.tr\/index.php?rest_route=%2Fwp%2Fv2%2Fmedia&parent=1032"}],"curies":[{"name":"wp","href":"https:\/\/api.w.org\/{rel}","templated":true}]}}