{"id":1030,"date":"2021-01-17T15:42:21","date_gmt":"2021-01-17T12:42:21","guid":{"rendered":"https:\/\/senlerinsaat.org\/?page_id=1030"},"modified":"2021-01-25T15:19:43","modified_gmt":"2021-01-25T12:19:43","slug":"hakkimizda","status":"publish","type":"page","link":"https:\/\/senlerinsaat.com.tr\/?page_id=1030","title":{"rendered":"Hakk\u0131m\u0131zda"},"content":{"rendered":"\n<p>       \u015een \u0130n\u015faat, 1985 tarihinde Baba Mustafa \u015eEN Taraf\u0131ndan \u0130stanbul&#8217;da kuruldu. 1970&#8217;li y\u0131llarda Avusturya&#8217;ya i\u015f\u00e7i olarak giden Mustafa \u015eEN, Avusturya&#8217;n\u0131n en b\u00fcy\u00fck in\u015faat firmas\u0131nda 15 y\u0131l ustaba\u015f\u0131 olarak \u00e7al\u0131\u015ft\u0131. <\/p>\n\n\n\n<p>       1984 y\u0131l\u0131nda yurda d\u00f6nen Mustafa \u015eEN, 1985&#8217;te \u0130stanbul&#8217;da \u015een \u0130n\u015faat firmas\u0131n\u0131\u00a0 kurdu ve yurtd\u0131\u015f\u0131nda kazand\u0131\u011f\u0131 tecr\u00fcbelerini kendi i\u015fine ta\u015f\u0131d\u0131. \u0130stanbul&#8217;da in\u015faat faaliyetlerine devam eden firmay\u0131 o\u011fullar\u0131na devretti. <\/p>\n\n\n\n<p>       Firma 1995 y\u0131l\u0131nda, o\u011fullar\u0131 taraf\u0131ndan \u0130zmir Kar\u015f\u0131yaka&#8217;ya ta\u015f\u0131nd\u0131. \u0130n\u015faat sekt\u00f6r\u00fcnde b\u00fcy\u00fck ba\u015far\u0131lara imza atan \u015een \u0130n\u015faat 2001 y\u0131l\u0131nda \u015eenler M\u00fch. \u0130n\u015faat Mad. San. Ltd. \u015eti. olarak, Temel \u015eEN ve Orhan \u015eEN taraf\u0131ndan aile \u015firketi olarak in\u015faat sekt\u00f6r\u00fcnde hak ettikleri ba\u015fa\u0131ya do\u011fru ilerlemeye devam etmektedir.<\/p>\n\n\n\n<p>       Geni\u015f ve dinamik bir organizasyon yap\u0131s\u0131na sahip olan \u015firketimiz, her t\u00fcrl\u00fc hacimde ve \u00f6zellikteki projeyi hayata ge\u00e7irecek yetkinliktedir. Projelerde kaliteden vazge\u00e7meden ekonomi sa\u011flama konusunda deneyimli olan \u015eenler in\u015faat, y\u00fcksek kalite standartlar\u0131nda kabul g\u00f6ren, d\u00f6nemi yakalayan y\u00f6ntemler, d\u00fczenlemeler ve \u00fcr\u00fcnler hakk\u0131nda geni\u015f bilgiye ve tecr\u00fcbeye sahiptir.<\/p>\n\n\n\n<p>       \u015eenler \u0130n\u015faat , gelecek nesillerimizin bize emanet oldu\u011funun bilinciyle, do\u011faya ve do\u011fadaki b\u00fct\u00fcn canl\u0131lara sayg\u0131l\u0131; daha g\u00fcvenli, sa\u011fl\u0131kl\u0131 ve ya\u015fanabilir bir gelecek olu\u015fturma \u00e7abas\u0131n\u0131 her zaman \u00fcstlenecektir.<\/p>\n\n\n\n<p>Birlikte \u00e7al\u0131\u015fmak \u00fcmidiyle&#8230;<\/p>\n\n\n\n<p class=\"has-text-align-right\"><strong>Temel \u015eEN<\/strong><br><strong>Genel m\u00fcd\u00fcr<\/strong><\/p>\n\n\n\n<p><\/p>\n\n\n\n<p><strong>Resmi \u00dcnvan : \u015eenler M\u00fchendislik \u0130n\u015faat Madencilik, Taahh\u00fct, Sanayi ve Ticaret Limited \u015eirketi<br>Resmi Adres :6269 Sokak A Blok \u015eENLER FORUM\u00a0 No: 20\/1\u00a0 Daire : 2\u00a0 \u015eemikler Kar\u015f\u0131yaka \u0130zmir T\u00dcRK\u0130YE<br>Vergi Dairesi : \u00c7i\u011fli Vergi Dairesi<br>Vergi Numaras\u0131 : 807 014 21 46<\/strong><\/p>\n","protected":false},"excerpt":{"rendered":"<p>\u015een \u0130n\u015faat, 1985 tarihinde Baba Mustafa \u015eEN Taraf\u0131ndan \u0130stanbul&#8217;da kuruldu. 1970&#8217;li y\u0131llarda Avusturya&#8217;ya i\u015f\u00e7i olarak giden Mustafa \u015eEN, Avusturya&#8217;n\u0131n en b\u00fcy\u00fck in\u015faat firmas\u0131nda 15 y\u0131l ustaba\u015f\u0131 olarak \u00e7al\u0131\u015ft\u0131. 1984 y\u0131l\u0131nda &hellip; <\/p>\n","protected":false},"author":1,"featured_media":1040,"parent":0,"menu_order":0,"comment_status":"closed","ping_status":"closed","template":"","meta":{"footnotes":""},"class_list":["post-1030","page","type-page","status-publish","has-post-thumbnail","hentry"],"_links":{"self":[{"href":"https:\/\/senlerinsaat.com.tr\/index.php?rest_route=\/wp\/v2\/pages\/1030"}],"collection":[{"href":"https:\/\/senlerinsaat.com.tr\/index.php?rest_route=\/wp\/v2\/pages"}],"about":[{"href":"https:\/\/senlerinsaat.com.tr\/index.php?rest_route=\/wp\/v2\/types\/page"}],"author":[{"embeddable":true,"href":"https:\/\/senlerinsaat.com.tr\/index.php?rest_route=\/wp\/v2\/users\/1"}],"replies":[{"embeddable":true,"href":"https:\/\/senlerinsaat.com.tr\/index.php?rest_route=%2Fwp%2Fv2%2Fcomments&post=1030"}],"version-history":[{"count":7,"href":"https:\/\/senlerinsaat.com.tr\/index.php?rest_route=\/wp\/v2\/pages\/1030\/revisions"}],"predecessor-version":[{"id":1184,"href":"https:\/\/senlerinsaat.com.tr\/index.php?rest_route=\/wp\/v2\/pages\/1030\/revisions\/1184"}],"wp:featuredmedia":[{"embeddable":true,"href":"https:\/\/senlerinsaat.com.tr\/index.php?rest_route=\/wp\/v2\/media\/1040"}],"wp:attachment":[{"href":"https:\/\/senlerinsaat.com.tr\/index.php?rest_route=%2Fwp%2Fv2%2Fmedia&parent=1030"}],"curies":[{"name":"wp","href":"https:\/\/api.w.org\/{rel}","templated":true}]}}